{"id":47,"date":"2019-09-12T16:34:18","date_gmt":"2019-09-12T16:34:18","guid":{"rendered":"https:\/\/aureus-treuhand.de\/?page_id=47"},"modified":"2019-09-12T17:53:46","modified_gmt":"2019-09-12T17:53:46","slug":"datenschutz","status":"publish","type":"page","link":"https:\/\/aureus-treuhand.de\/?page_id=47","title":{"rendered":"Datenschutz"},"content":{"rendered":"\n<p>Die\nBetreiber dieser Seiten nehmen den Schutz Ihrer pers\u00f6nlichen Daten sehr ernst.\nWir behandeln Ihre personenbezogenen Daten vertraulich und entsprechend der\ngesetzlichen Datenschutzvorschriften sowie dieser Datenschutzerkl\u00e4rung.<\/p>\n\n\n\n<p>Die Nutzung\nunserer Webseite ist in der Regel ohne Angabe personenbezogener Daten m\u00f6glich.\nSoweit auf unseren Seiten personenbezogene Daten (beispielsweise Name,\nAnschrift oder E-Mail-Adressen) erhoben werden, erfolgt dies, soweit m\u00f6glich,\nstets auf freiwilliger Basis. Diese Daten werden ohne Ihre ausdr\u00fcckliche\nZustimmung nicht an Dritte weitergegeben.<\/p>\n\n\n\n<p>Wir weisen\ndarauf hin, dass die Daten\u00fcbertragung im Internet (z.B. bei der Kommunikation\nper E-Mail) Sicherheitsl\u00fccken aufweisen kann. Ein l\u00fcckenloser Schutz der Daten\nvor dem Zugriff durch Dritte ist nicht m\u00f6glich.<\/p>\n\n\n\n<p><strong>Datenschutzerkl\u00e4rung\nf\u00fcr die Nutzung von Facebook-Plugins<\/strong><\/p>\n\n\n\n<p>(Like-Button)<\/p>\n\n\n\n<p>Auf unseren\nSeiten sind Plugins des sozialen Netzwerks Facebook, Anbieter Facebook Inc., 1\nHacker Way, Menlo Park, California 94025, USA, integriert. Die Facebook-Plugins\nerkennen Sie an dem Facebook-Logo oder dem \u201eLike-Button\u201c (\u201eGef\u00e4llt mir\u201c) auf\nunserer Seite. Eine \u00dcbersicht \u00fcber die Facebook-Plugins finden Sie hier: <a href=\"http:\/\/developers.facebook.com\/docs\/plugins\/\">http:\/\/developers.facebook.com\/docs\/plugins\/<\/a>.<\/p>\n\n\n\n<p>Wenn Sie\nunsere Seiten besuchen, wird \u00fcber das Plugin eine direkte Verbindung zwischen\nIhrem Browser und dem Facebook-Server hergestellt. Facebook erh\u00e4lt dadurch die\nInformation, dass Sie mit Ihrer IP-Adresse unsere Seite besucht haben. Wenn Sie\nden Facebook \u201eLike-Button\u201c anklicken w\u00e4hrend Sie in Ihrem Facebook-Account\neingeloggt sind, k\u00f6nnen Sie die Inhalte unserer Seiten auf Ihrem\nFacebook-Profil verlinken. Dadurch kann Facebook den Besuch unserer Seiten\nIhrem Benutzerkonto zuordnen. Wir weisen darauf hin, dass wir als Anbieter der\nSeiten keine Kenntnis vom Inhalt der \u00fcbermittelten Daten sowie deren Nutzung\ndurch Facebook erhalten. Weitere Informationen hierzu finden Sie in der Datenschutzerkl\u00e4rung\nvon Facebook unter <a href=\"http:\/\/de-de.facebook.com\/policy.php\">http:\/\/de-de.facebook.com\/policy.php<\/a>.<\/p>\n\n\n\n<p>Wenn Sie\nnicht w\u00fcnschen, dass Facebook den Besuch unserer Seiten Ihrem Facebook-\nNutzerkonto zuordnen kann, loggen Sie sich bitte aus Ihrem\nFacebook-Benutzerkonto aus.<\/p>\n\n\n\n<p><strong>Datenschutzerkl\u00e4rung\nf\u00fcr die Nutzung von Google Analytics<\/strong><\/p>\n\n\n\n<p>Diese\nWebsite nutzt Funktionen des Webanalysedienstes Google Analytics. Anbieter ist\ndie Google Inc. 1600 Amphitheatre Parkway Mountain View, CA 94043, USA. Google\nAnalytics verwendet sog. \u201eCookies\u201c. Das sind Textdateien, die auf Ihrem\nComputer gespeichert werden und die eine Analyse der Benutzung der Website\ndurch Sie erm\u00f6glichen. Die durch den Cookie erzeugten Informationen \u00fcber Ihre\nBenutzung dieser Website werden in der Regel an einen Server von Google in den\nUSA \u00fcbertragen und dort gespeichert.<\/p>\n\n\n\n<p>Im Falle der\nAktivierung der IP-Anonymisierung auf dieser Webseite wird Ihre IP-Adresse von\nGoogle jedoch innerhalb von Mitgliedstaaten der Europ\u00e4ischen Union oder in anderen\nVertragsstaaten des Abkommens \u00fcber den Europ\u00e4ischen Wirtschaftsraum zuvor\ngek\u00fcrzt. Nur in Ausnahmef\u00e4llen wird die volle IP-Adresse an einen Server von\nGoogle in den USA \u00fcbertragen und dort gek\u00fcrzt. Im Auftrag des Betreibers dieser\nWebsite wird Google diese Informationen benutzen, um Ihre Nutzung der Website\nauszuwerten, um Reports \u00fcber die Websiteaktivit\u00e4ten zusammenzustellen und um\nweitere mit der Websitenutzung und der Internetnutzung verbundene\nDienstleistungen gegen\u00fcber dem Websitebetreiber zu erbringen. Die im Rahmen von\nGoogle Analytics von Ihrem Browser \u00fcbermittelte IP-Adresse wird nicht mit\nanderen Daten von Google zusammengef\u00fchrt.<\/p>\n\n\n\n<p>Sie k\u00f6nnen\ndie Speicherung der Cookies durch eine entsprechende Einstellung Ihrer\nBrowser-Software verhindern; wir weisen Sie jedoch darauf hin, dass Sie in\ndiesem Fall gegebenenfalls nicht s\u00e4mtliche Funktionen dieser Website\nvollumf\u00e4nglich werden nutzen k\u00f6nnen. Sie k\u00f6nnen dar\u00fcber hinaus die Erfassung\nder durch das Cookie erzeugten und auf Ihre Nutzung der Website bezogenen Daten\n(inkl. Ihrer IP-Adresse) an Google sowie die Verarbeitung dieser Daten durch\nGoogle verhindern, indem sie das unter dem folgenden Link verf\u00fcgbare\nBrowser-Plugin herunterladen und installieren: <a href=\"http:\/\/tools.google.com\/dlpage\/gaoptout?hl=de\">http:\/\/tools.google.com\/dlpage\/gaoptout?hl=de<\/a><\/p>\n\n\n\n<p><strong>Datenschutzerkl\u00e4rung\nf\u00fcr die Nutzung von Google +1<\/strong><\/p>\n\n\n\n<p>Unsere\nSeiten nutzen Funktionen von Google +1. Anbieter ist die Google Inc. 1600\nAmphitheatre Parkway Mountain View, CA 94043, USA.<\/p>\n\n\n\n<p>Erfassung und\nWeitergabe von Informationen: Mithilfe der Google +1-Schaltfl\u00e4che k\u00f6nnen Sie\nInformationen weltweit ver\u00f6ffentlichen. \u00fcber die Google +1-Schaltfl\u00e4che\nerhalten Sie und andere Nutzer personalisierte Inhalte von Google und unseren\nPartnern. Google speichert sowohl die Information, dass Sie f\u00fcr einen Inhalt +1\ngegeben haben, als auch Informationen \u00fcber die Seite, die Sie beim Klicken auf\n+1 angesehen haben. Ihre +1 k\u00f6nnen als Hinweise zusammen mit Ihrem Profilnamen\nund Ihrem Foto in Google-Diensten, wie etwa in Suchergebnissen oder in Ihrem\nGoogle-Profil, oder an anderen Stellen auf Websites und Anzeigen im Internet\neingeblendet werden. Google zeichnet Informationen \u00fcber Ihre +1-Aktivit\u00e4ten\nauf, um die Google-Dienste f\u00fcr Sie und andere zu verbessern. Um die Google\n+1-Schaltfl\u00e4che verwenden zu k\u00f6nnen, ben\u00f6tigen Sie ein weltweit sichtbares,\n\u00f6ffentliches Google-Profil, das zumindest den f\u00fcr das Profil gew\u00e4hlten Namen\nenthalten muss. Dieser Name wird in allen Google-Diensten verwendet. In manchen\nF\u00e4llen kann dieser Name auch einen anderen Namen ersetzen, den Sie beim Teilen\nvon Inhalten \u00fcber Ihr Google-Konto verwendet haben. Die Identit\u00e4t Ihres Google-\nProfils kann Nutzern angezeigt werden, die Ihre E-Mail-Adresse kennen oder \u00fcber\nandere identifizierende Informationen von Ihnen verf\u00fcgen.<\/p>\n\n\n\n<p>Verwendung\nder erfassten Informationen: Neben den oben erl\u00e4uterten Verwendungszwecken\nwerden die von Ihnen bereitgestellten Informationen gem\u00e4\u00df den geltenden\nGoogle-Datenschutzbestimmungen genutzt. Google ver\u00f6ffentlicht m\u00f6glicherweise\nzusammengefasste Statistiken \u00fcber die +1-Aktivit\u00e4ten der Nutzer bzw. gibt diese\nan Nutzer und Partner weiter, wie etwa Publisher, Inserenten oder verbundene\nWebsites.<\/p>\n\n\n\n<p><strong>Datenschutzerkl\u00e4rung\nf\u00fcr die Nutzung von Twitter<\/strong><\/p>\n\n\n\n<p>Auf unseren\nSeiten sind Funktionen des Dienstes Twitter eingebunden. Diese Funktionen\nwerden angeboten durch die Twitter Inc., 1355 Market Street, Suite 900, San\nFrancisco, CA 94103, USA. Durch das Benutzen von Twitter und der Funktion\n\u201eRe-Tweet\u201c werden die von Ihnen besuchten Webseiten mit Ihrem Twitter-Account verkn\u00fcpft\nund anderen Nutzern bekannt gegeben. Dabei werden auch Daten an Twitter\n\u00fcbertragen. Wir weisen darauf hin, dass wir als Anbieter der Seiten keine\nKenntnis vom Inhalt der \u00fcbermittelten Daten sowie deren Nutzung durch Twitter\nerhalten. Weitere Informationen hierzu finden Sie in der Datenschutzerkl\u00e4rung\nvon Twitter unter <a href=\"http:\/\/twitter.com\/privacy\">http:\/\/twitter.com\/privacy<\/a>.<\/p>\n\n\n\n<p>Ihre\nDatenschutzeinstellungen bei Twitter k\u00f6nnen Sie in den Konto-Einstellungen\nunter <a href=\"http:\/\/twitter.com\/account\/settings\">http:\/\/twitter.com\/account\/settings<\/a> \u00e4ndern.<\/p>\n\n\n\n<p><strong>Datenschutzerkl\u00e4rung\nf\u00fcr die Nutzung von Xing<\/strong><\/p>\n\n\n\n<p>Unsere\nWebseite nutzt Funktionen des Netzwerks XING. Anbieter ist die XING AG,\nDammtorstra\u00dfe 29-32, 20354 Hamburg, Deutschland. Bei jedem Abruf einer unserer\nSeiten, die Funktionen von Xing enth\u00e4lt, wird eine Verbindung zu Servern von\nXing hergestellt. Eine Speicherung von personenbezogenen Daten erfolgt dabei\nnach unserer Kenntnis nicht. Insbesondere werden keine IP-Adressen gespeichert\noder das Nutzungsverhalten ausgewertet.<\/p>\n\n\n\n<p>Weitere\nInformation zum Datenschutz und dem Xing Share-Button finden Sie in der\nDatenschutzerkl\u00e4rung von Xing unter <a href=\"https:\/\/www.xing.com\/app\/share?op=data_protection\">https:\/\/www.xing.com\/app\/share?op=data_protection<\/a><\/p>\n\n\n\n<p><strong>Auskunft,\nL\u00f6schung, Sperrung<\/strong><\/p>\n\n\n\n<p>Sie haben\njederzeit das Recht auf unentgeltliche Auskunft \u00fcber Ihre gespeicherten\npersonenbezogenen Daten, deren Herkunft und Empf\u00e4nger und den Zweck der\nDatenverarbeitung sowie ein Recht auf Berichtigung, Sperrung oder L\u00f6schung\ndieser Daten. Hierzu sowie zu weiteren Fragen zum Thema personenbezogene Daten\nk\u00f6nnen Sie sich jederzeit unter der im Impressum angegebenen Adresse an uns\nwenden.<\/p>\n\n\n\n<p><strong>Server-Log-Files<\/strong><\/p>\n\n\n\n<p>Der Provider\nder Seiten erhebt und speichert automatisch Informationen in so genannten\nServer-Log Files, die Ihr Browser automatisch an uns \u00fcbermittelt. Dies sind:<\/p>\n\n\n\n<ul class=\"wp-block-list\"><li>Browsertyp\/ Browserversion<\/li><li>verwendetes Betriebssystem<\/li><li>Referrer URL<\/li><li>Hostname des zugreifenden\n     Rechners<\/li><li>Uhrzeit der Serveranfrage<\/li><\/ul>\n\n\n\n<p>Diese Daten\nsind nicht bestimmten Personen zuordenbar. Eine Zusammenf\u00fchrung dieser Daten\nmit anderen Datenquellen wird nicht vorgenommen. Wir behalten uns vor, diese\nDaten nachtr\u00e4glich zu pr\u00fcfen, wenn uns konkrete Anhaltspunkte f\u00fcr eine\nrechtswidrige Nutzung bekannt werden.<\/p>\n\n\n\n<p><strong>Kontaktformular<\/strong><\/p>\n\n\n\n<p>Wenn Sie uns\nper Kontaktformular Anfragen zukommen lassen, werden Ihre Angaben aus dem\nAnfrageformular inklusive der von Ihnen dort angegebenen Kontaktdaten zwecks\nBearbeitung der Anfrage und f\u00fcr den Fall von Anschlussfragen bei uns\ngespeichert. Diese Daten geben wir nicht ohne Ihre Einwilligung weiter.<\/p>\n\n\n\n<p><strong>Widerspruch\nWerbe-Mails<\/strong><\/p>\n\n\n\n<p>Der Nutzung\nvon im Rahmen der Impressumspflicht ver\u00f6ffentlichten Kontaktdaten zur\n\u00dcbersendung von nicht ausdr\u00fccklich angeforderter Werbung und\nInformationsmaterialien wird hiermit widersprochen. Die Betreiber der Seiten\nbehalten sich ausdr\u00fccklich rechtliche Schritte im Falle der unverlangten\nZusendung von Werbeinformationen, etwa durch Spam-E-Mails, vor.<\/p>\n\n\n\n<p><strong>Newsletterdaten<\/strong><\/p>\n\n\n\n<p>Wenn Sie den\nauf der Webseite angebotenen Newsletter beziehen m\u00f6chten, ben\u00f6tigen wir von\nIhnen eine E-Mail-Adresse sowie Informationen, welche uns die \u00dcberpr\u00fcfung\ngestatten, dass Sie der Inhaber der angegebenen E-Mail-Adresse sind und mit dem\nEmpfang des Newsletters einverstanden sind. Weitere Daten werden nicht erhoben.\nDiese Daten verwenden wir ausschlie\u00dflich f\u00fcr den Versand der angeforderten\nInformationen und geben sie nicht an Dritte weiter.<\/p>\n\n\n\n<p>Die erteilte\nEinwilligung zur Speicherung der Daten, der E-Mail-Adresse sowie deren Nutzung\nzum Versand des Newsletters k\u00f6nnen Sie jederzeit widerrufen , etwa \u00fcber den\n\u201eAustragen\u201c-Link im Newsletter.<\/p>\n\n\n\n<p><em>Quellenangabe:\n<\/em><a href=\"http:\/\/www.e-recht24.de\/muster-datenschutzerklaerung.html\" target=\"_blank\" rel=\"noreferrer noopener\"><em>eRecht24<\/em><\/a><\/p>\n","protected":false},"excerpt":{"rendered":"<p>Die Betreiber dieser Seiten nehmen den Schutz Ihrer pers\u00f6nlichen Daten sehr ernst. Wir behandeln Ihre personenbezogenen Daten vertraulich und entsprechend der gesetzlichen Datenschutzvorschriften sowie dieser Datenschutzerkl\u00e4rung. Die Nutzung unserer Webseite ist in der Regel ohne Angabe personenbezogener Daten m\u00f6glich. Soweit auf unseren Seiten personenbezogene Daten (beispielsweise Name, Anschrift oder E-Mail-Adressen) erhoben werden, erfolgt dies, soweit<\/p>\n<p><a href=\"https:\/\/aureus-treuhand.de\/?page_id=47\" class=\"more-link themebutton\">Read More<\/a><\/p>\n","protected":false},"author":1,"featured_media":0,"parent":0,"menu_order":0,"comment_status":"closed","ping_status":"closed","template":"","meta":{"footnotes":""},"class_list":["post-47","page","type-page","status-publish","hentry"],"_links":{"self":[{"href":"https:\/\/aureus-treuhand.de\/index.php?rest_route=\/wp\/v2\/pages\/47"}],"collection":[{"href":"https:\/\/aureus-treuhand.de\/index.php?rest_route=\/wp\/v2\/pages"}],"about":[{"href":"https:\/\/aureus-treuhand.de\/index.php?rest_route=\/wp\/v2\/types\/page"}],"author":[{"embeddable":true,"href":"https:\/\/aureus-treuhand.de\/index.php?rest_route=\/wp\/v2\/users\/1"}],"replies":[{"embeddable":true,"href":"https:\/\/aureus-treuhand.de\/index.php?rest_route=%2Fwp%2Fv2%2Fcomments&post=47"}],"version-history":[{"count":2,"href":"https:\/\/aureus-treuhand.de\/index.php?rest_route=\/wp\/v2\/pages\/47\/revisions"}],"predecessor-version":[{"id":109,"href":"https:\/\/aureus-treuhand.de\/index.php?rest_route=\/wp\/v2\/pages\/47\/revisions\/109"}],"wp:attachment":[{"href":"https:\/\/aureus-treuhand.de\/index.php?rest_route=%2Fwp%2Fv2%2Fmedia&parent=47"}],"curies":[{"name":"wp","href":"https:\/\/api.w.org\/{rel}","templated":true}]}}