{"id":43,"date":"2019-09-12T16:33:33","date_gmt":"2019-09-12T16:33:33","guid":{"rendered":"https:\/\/aureus-treuhand.de\/?page_id=43"},"modified":"2025-10-07T08:54:57","modified_gmt":"2025-10-07T08:54:57","slug":"impressum","status":"publish","type":"page","link":"https:\/\/aureus-treuhand.de\/?page_id=43","title":{"rendered":"Impressum"},"content":{"rendered":"\t\t<div data-elementor-type=\"wp-page\" data-elementor-id=\"43\" class=\"elementor elementor-43\">\n\t\t\t\t\t\t<section class=\"elementor-section elementor-top-section elementor-element elementor-element-167ef31e elementor-section-boxed elementor-section-height-default elementor-section-height-default\" data-id=\"167ef31e\" data-element_type=\"section\">\n\t\t\t\t\t\t<div class=\"elementor-container elementor-column-gap-default\">\n\t\t\t\t\t<div class=\"elementor-column elementor-col-100 elementor-top-column elementor-element elementor-element-4d6f9869\" data-id=\"4d6f9869\" data-element_type=\"column\">\n\t\t\t<div class=\"elementor-widget-wrap elementor-element-populated\">\n\t\t\t\t\t\t<div class=\"elementor-element elementor-element-3e43d1a5 elementor-widget elementor-widget-text-editor\" data-id=\"3e43d1a5\" data-element_type=\"widget\" data-widget_type=\"text-editor.default\">\n\t\t\t\t<div class=\"elementor-widget-container\">\n\t\t\t\t\t\t\t<p><!-- wp:paragraph --><\/p>\n<p><!-- \/wp:paragraph --><\/p>\n<p><!-- wp:paragraph --><\/p>\n<p>AUREUS Treuhand KG<br \/><span style=\"font-size: 12px;\">Breslauer Stra\u00dfe 396<br \/><\/span><span style=\"font-size: 12px;\">90471 N\u00fcrnberg<\/span><\/p>\n<p>Amtsgericht M\u00fcnchen<br \/>HRA 115167<\/p>\n<p><!-- \/wp:paragraph --><\/p>\n<p><!-- wp:paragraph --><\/p>\n<p>Telefon: +49 (0) 911 519 429 &#8211; 190<br \/>(Mo. &#8211; Do.: 9:00 bis 17:00 Uhr; Fr.: 9:00 bis 12:00 Uhr)<\/p>\n<p><!-- \/wp:paragraph --><\/p>\n<p><!-- wp:paragraph --><\/p>\n<p>Telefax: +49 (0) 911 519 429 &#8211; 199<br \/>E-Mail: info@aureus-treuhand.de<\/p>\n<p><!-- \/wp:paragraph --><\/p>\n<p><!-- wp:heading {\"level\":1} --><\/p>\n<h1>Disclaimer<\/h1>\n<p><!-- \/wp:heading --><\/p>\n<p><!-- wp:heading {\"level\":3} --><\/p>\n<h3>1. Warnhinweis zu Inhalten<\/h3>\n<p><!-- \/wp:heading --><\/p>\n<p><!-- wp:paragraph --><\/p>\n<p>Die kostenlosen und frei zug\u00e4nglichen<br \/>Inhalte dieser Webseite wurden mit gr\u00f6\u00dftm\u00f6glicher Sorgfalt erstellt. Der<br \/>Anbieter dieser Webseite \u00fcbernimmt jedoch keine Gew\u00e4hr f\u00fcr die Richtigkeit und<br \/>Aktualit\u00e4t der bereitgestellten kostenlosen und frei zug\u00e4nglichen Inhalte und<br \/>Nachrichten. Die Nutzung dieser Webseiteninhalte erfolgt auf eigene Gefahr.<br \/>Allein durch den Aufruf dieser kostenlosen und frei zug\u00e4nglichen Inhalte kommt<br \/>keinerlei Vertragsverh\u00e4ltnis zwischen dem Nutzer und dem Anbieter zustande,<br \/>insoweit fehlt es am Rechtsbindungswillen des Anbieters.<\/p>\n<p><!-- \/wp:paragraph --><\/p>\n<p><!-- wp:heading {\"level\":3} --><\/p>\n<h3>2. Verlinkungen<\/h3>\n<p><!-- \/wp:heading --><\/p>\n<p><!-- wp:paragraph --><\/p>\n<p>Die Webseite enth\u00e4lt Verlinkungen zu<br \/>anderen Webseiten (\u201eexterne Links\u201c). Diese Webseiten unterliegen der Haftung<br \/>der jeweiligen Seitenbetreiber. Bei Verkn\u00fcpfung der externen Links waren keine<br \/>Rechtsverst\u00f6\u00dfe ersichtlich. Auf die aktuelle und k\u00fcnftige Gestaltung der<br \/>verlinkten Seiten hat der Anbieter keinen Einfluss. Die permanente \u00dcberpr\u00fcfung<br \/>der externen Links ist f\u00fcr den Anbieter ohne konkrete Hinweise auf<br \/>Rechtsverst\u00f6\u00dfe nicht zumutbar. Bei Bekanntwerden von Rechtsverst\u00f6\u00dfen werden die<br \/>betroffenen externen Links unverz\u00fcglich gel\u00f6scht.<\/p>\n<p><!-- \/wp:paragraph --><\/p>\n<p><!-- wp:heading {\"level\":3} --><\/p>\n<h3>3. Urheberrecht \/<br \/>Leistungsschutzrecht<\/h3>\n<p><!-- \/wp:heading --><\/p>\n<p><!-- wp:paragraph --><\/p>\n<p>Die auf dieser Webseite durch den Anbieter<br \/>ver\u00f6ffentlichten Inhalte unterliegen dem deutschen Urheberrecht und<br \/>Leistungsschutzrecht. Alle vom deutschen Urheber- und Leistungsschutzrecht<br \/>nicht zugelassene Verwertung bedarf der vorherigen schriftlichen Zustimmung des<br \/>Anbieters oder jeweiligen Rechteinhabers. Dies gilt vor allem f\u00fcr<br \/>Vervielf\u00e4ltigung, Bearbeitung, \u00dcbersetzung, Einspeicherung, Verarbeitung bzw.<br \/>Wiedergabe von Inhalten in Datenbanken oder anderen elektronischen Medien und<br \/>Systemen. Dabei sind Inhalte und Rechte Dritter als solche gekennzeichnet. Das<br \/>unerlaubte Kopieren der Webseiteninhalte oder der kompletten Webseite ist nicht<br \/>gestattet und strafbar. Lediglich die Herstellung von Kopien und Downloads f\u00fcr<br \/>den pers\u00f6nlichen, privaten und nicht kommerziellen Gebrauch ist erlaubt.<\/p>\n<p><!-- \/wp:paragraph --><\/p>\n<p><!-- wp:paragraph --><\/p>\n<p>Diese Website darf ohne schriftliche<br \/>Erlaubnis nicht durch Dritte in Frames oder iFrames dargestellt werden.<\/p>\n<p><!-- \/wp:paragraph --><\/p>\n<p><!-- wp:heading {\"level\":3} --><\/p>\n<h3>4. Keine Werbung<\/h3>\n<p><!-- \/wp:heading --><\/p>\n<p><!-- wp:paragraph --><\/p>\n<p>Die Verwendung der Kontaktdaten des<br \/>Impressums zur gewerblichen Werbung ist ausdr\u00fccklich nicht erw\u00fcnscht, es sei<br \/>denn der Anbieter hatte zuvor seine schriftliche Einwilligung erteilt oder es<br \/>besteht bereits eine Gesch\u00e4ftsbeziehung. Der Anbieter und alle auf dieser<br \/>Website genannten Personen widersprechen hiermit jeder kommerziellen Verwendung<br \/>und Weitergabe ihrer Daten.<\/p>\n<p><!-- \/wp:paragraph --><\/p>\n<p><!-- wp:heading {\"level\":3} --><\/p>\n<h3>5. Besondere Nutzungsbedingungen<\/h3>\n<p><!-- \/wp:heading --><\/p>\n<p><!-- wp:paragraph --><\/p>\n<p>Soweit besondere Bedingungen f\u00fcr<br \/>einzelne Nutzungen dieser Website von den vorgenannten Nummern 1. bis 4.<br \/>abweichen, wird an entsprechender Stelle ausdr\u00fccklich darauf hingewiesen. In<br \/>diesem Falle gelten im jeweiligen Einzelfall die besonderen Bedingungen.<\/p>\n<p><!-- \/wp:paragraph --><\/p>\n<p><!-- wp:paragraph --><\/p>\n<p><em>Quelle: <\/em><a href=\"http:\/\/www.fachanwalt.de\/\"><em>fachanwal<\/em><\/a><\/p>\n<p><!-- \/wp:paragraph --><\/p>\t\t\t\t\t\t<\/div>\n\t\t\t\t<\/div>\n\t\t\t\t\t<\/div>\n\t\t<\/div>\n\t\t\t\t\t<\/div>\n\t\t<\/section>\n\t\t\t\t<\/div>\n\t\t","protected":false},"excerpt":{"rendered":"<p>AUREUS Treuhand KGBreslauer Stra\u00dfe 39690471 N\u00fcrnberg Amtsgericht M\u00fcnchenHRA 115167 Telefon: +49 (0) 911 519 429 &#8211; 190(Mo. &#8211; Do.: 9:00 bis 17:00 Uhr; Fr.: 9:00 bis 12:00 Uhr) Telefax: +49 (0) 911 519 429 &#8211; 199E-Mail: info@aureus-treuhand.de Disclaimer 1. Warnhinweis zu Inhalten Die kostenlosen und frei zug\u00e4nglichenInhalte dieser Webseite wurden mit gr\u00f6\u00dftm\u00f6glicher Sorgfalt erstellt. DerAnbieter<\/p>\n<p><a href=\"https:\/\/aureus-treuhand.de\/?page_id=43\" class=\"more-link themebutton\">Read More<\/a><\/p>\n","protected":false},"author":1,"featured_media":0,"parent":0,"menu_order":0,"comment_status":"closed","ping_status":"closed","template":"","meta":{"footnotes":""},"class_list":["post-43","page","type-page","status-publish","hentry"],"_links":{"self":[{"href":"https:\/\/aureus-treuhand.de\/index.php?rest_route=\/wp\/v2\/pages\/43"}],"collection":[{"href":"https:\/\/aureus-treuhand.de\/index.php?rest_route=\/wp\/v2\/pages"}],"about":[{"href":"https:\/\/aureus-treuhand.de\/index.php?rest_route=\/wp\/v2\/types\/page"}],"author":[{"embeddable":true,"href":"https:\/\/aureus-treuhand.de\/index.php?rest_route=\/wp\/v2\/users\/1"}],"replies":[{"embeddable":true,"href":"https:\/\/aureus-treuhand.de\/index.php?rest_route=%2Fwp%2Fv2%2Fcomments&post=43"}],"version-history":[{"count":85,"href":"https:\/\/aureus-treuhand.de\/index.php?rest_route=\/wp\/v2\/pages\/43\/revisions"}],"predecessor-version":[{"id":228,"href":"https:\/\/aureus-treuhand.de\/index.php?rest_route=\/wp\/v2\/pages\/43\/revisions\/228"}],"wp:attachment":[{"href":"https:\/\/aureus-treuhand.de\/index.php?rest_route=%2Fwp%2Fv2%2Fmedia&parent=43"}],"curies":[{"name":"wp","href":"https:\/\/api.w.org\/{rel}","templated":true}]}}